{"id":62,"date":"2025-01-23T16:04:39","date_gmt":"2025-01-23T16:04:39","guid":{"rendered":"https:\/\/mikalinkki.net\/?page_id=62"},"modified":"2025-02-04T09:46:46","modified_gmt":"2025-02-04T09:46:46","slug":"nettisivut-pieniin-ja-suuriin-tarpeisiin","status":"publish","type":"page","link":"https:\/\/mikalinkki.net\/index.php\/nettisivut-pieniin-ja-suuriin-tarpeisiin\/","title":{"rendered":"Nettisivut k\u00e4yntikorttisivuista verkkokauppaan saat meilt\u00e4!"},"content":{"rendered":"\n<figure class=\"wp-block-image alignfull size-full\"><img loading=\"lazy\" decoding=\"async\" width=\"640\" height=\"359\" src=\"https:\/\/mikalinkki.net\/wp-content\/uploads\/2025\/01\/code-1076536_640.jpg\" alt=\"\" class=\"wp-image-37\" srcset=\"https:\/\/mikalinkki.net\/wp-content\/uploads\/2025\/01\/code-1076536_640.jpg 640w, https:\/\/mikalinkki.net\/wp-content\/uploads\/2025\/01\/code-1076536_640-300x168.jpg 300w\" sizes=\"auto, (max-width: 640px) 100vw, 640px\" \/><\/figure>\n\n\n\n<h2 class=\"wp-block-heading has-vivid-red-color has-text-color has-link-color wp-elements-bd0ff4f52edd1781f2dd4360cbd9f2ed\">Nettisivut pieniin ja suuriin tarpeisiin<\/h2>\n\n\n\n<p>Tmi MikaLinkki suunnittelee ja tekee nettisivut asiakasl\u00e4ht\u00f6isesti ja asiakkaan toiveita kuunnellen. Sivut tehd\u00e4\u00e4n WordPressill\u00e4 avaimet k\u00e4teen -periaatteella, eli asiakkaalle j\u00e4\u00e4 pelk\u00e4st\u00e4\u00e4n sis\u00e4lt\u00f6tekstien miettiminen ja loppuk\u00e4ytt\u00f6, jossa my\u00f6s siin\u00e4 olemme tarvittaessa apuna. Kotisivuprojekti sis\u00e4lt\u00e4\u00e4 aina seuraavat asiat:<\/p>\n\n\n\n<ul class=\"wp-block-list\">\n<li>Webhotellin ja domainin hankinta tai olemassa olevan webhotellin ominaisuuksien tarkistaminen ja tarvittavien muutosten tekeminen<\/li>\n\n\n\n<li>Tarvittaessa logon suunnittelu<\/li>\n\n\n\n<li>Sivujen ulkoasu asiakkaan toiveita kuunnellen<\/li>\n\n\n\n<li>Lis\u00e4osien k\u00e4ytt\u00f6\u00f6notto (ja suomentaminen)<\/li>\n\n\n\n<li>Perus-SEO<\/li>\n\n\n\n<li>K\u00e4ytt\u00f6opastus<\/li>\n<\/ul>\n\n\n\n<p>Webhotelli hankitaan suomalaiselta, luotettavalta palveluntarjoajalta ja asiakkaan ei tarvitse itse huolehtia siit\u00e4 ollenkaan, vaan me hoidamme sen. Webhotellin hintaan sis\u00e4ltyy j\u00e4rjestelm\u00e4- ja tietoturvap\u00e4ivitykset, varmuuskopiointi ja sivuston toiminnan varmistus.<\/p>\n\n\n\n<p>Teemme sivustoja &#8221;k\u00e4yntikorttisivusta&#8221; verkkokauppoihin, kaikki onnistuu!<\/p>\n\n\n\n<p>Alla muutamia referenssej\u00e4mme:<\/p>\n\n\n\n<p><a href=\"https:\/\/harrastemoottoriurheilu.fi\" target=\"_blank\" rel=\"noreferrer noopener\">www.harrastemoottoriurheilu.fi<\/a><br><a href=\"https:\/\/tuulapaavola.fi\" target=\"_blank\" rel=\"noreferrer noopener\">www.tuulapaavola.fi<\/a><br><a href=\"https:\/\/kaivoskylanherkku.fi\" target=\"_blank\" rel=\"noreferrer noopener\">www.kaivoskylanherkku.fi<\/a><br><a href=\"https:\/\/nuohousjahuoltopalvelut.fi\/\" target=\"_blank\" rel=\"noopener\" title=\"\">www.nuohousjahuoltopalvelut.fi<br><\/a><a href=\"https:\/\/kalligrafia.org\" target=\"_blank\" rel=\"noreferrer noopener\">www.kalligrafia.org<\/a><a href=\"https:\/\/kaivoskylanherkku.fi\" target=\"_blank\" rel=\"noreferrer noopener\"><br><\/a><a href=\"https:\/\/ppdecora.com\">www.ppdecora.com<\/a><br><a href=\"https:\/\/tmiannakarhulahti.fi\" target=\"_blank\" rel=\"noreferrer noopener\">www.tmiannakarhulahti.fi<\/a><br><a href=\"https:\/\/oulaistentaru.net\" target=\"_blank\" rel=\"noreferrer noopener\">www.oulaistentaru.net<\/a><br><a href=\"https:\/\/kaisankakkupuoti.com\">www.kaisankakkupuoti.com<\/a><br><a href=\"https:\/\/suomenrakennustarkastajat.fi\" target=\"_blank\" rel=\"noreferrer noopener\">www.suomenrakennustarkastajat.fi<\/a><\/p>\n\n\n\n<p><a href=\"#yhteys\" data-type=\"page\" data-id=\"24\">Pyyd\u00e4 tarjous!<\/a><\/p>\n","protected":false},"excerpt":{"rendered":"<p>Nettisivut pieniin ja suuriin tarpeisiin Tmi MikaLinkki suunnittelee ja tekee nettisivut asiakasl\u00e4ht\u00f6isesti ja asiakkaan toiveita kuunnellen. Sivut tehd\u00e4\u00e4n WordPressill\u00e4 avaimet k\u00e4teen -periaatteella, eli asiakkaalle j\u00e4\u00e4&hellip;<\/p>\n","protected":false},"author":1,"featured_media":0,"parent":0,"menu_order":0,"comment_status":"closed","ping_status":"closed","template":"","meta":{"footnotes":""},"class_list":["post-62","page","type-page","status-publish","hentry"],"aioseo_notices":[],"_links":{"self":[{"href":"https:\/\/mikalinkki.net\/index.php\/wp-json\/wp\/v2\/pages\/62","targetHints":{"allow":["GET"]}}],"collection":[{"href":"https:\/\/mikalinkki.net\/index.php\/wp-json\/wp\/v2\/pages"}],"about":[{"href":"https:\/\/mikalinkki.net\/index.php\/wp-json\/wp\/v2\/types\/page"}],"author":[{"embeddable":true,"href":"https:\/\/mikalinkki.net\/index.php\/wp-json\/wp\/v2\/users\/1"}],"replies":[{"embeddable":true,"href":"https:\/\/mikalinkki.net\/index.php\/wp-json\/wp\/v2\/comments?post=62"}],"version-history":[{"count":8,"href":"https:\/\/mikalinkki.net\/index.php\/wp-json\/wp\/v2\/pages\/62\/revisions"}],"predecessor-version":[{"id":127,"href":"https:\/\/mikalinkki.net\/index.php\/wp-json\/wp\/v2\/pages\/62\/revisions\/127"}],"wp:attachment":[{"href":"https:\/\/mikalinkki.net\/index.php\/wp-json\/wp\/v2\/media?parent=62"}],"curies":[{"name":"wp","href":"https:\/\/api.w.org\/{rel}","templated":true}]}}