{"id":73,"date":"2025-01-25T13:37:19","date_gmt":"2025-01-25T13:37:19","guid":{"rendered":"https:\/\/mikalinkki.net\/?page_id=73"},"modified":"2025-02-13T07:51:26","modified_gmt":"2025-02-13T07:51:26","slug":"mainostenjakelu","status":"publish","type":"page","link":"https:\/\/mikalinkki.net\/index.php\/mainostenjakelu\/","title":{"rendered":"Suoramainonta on edelleen tehokas tapa mainostaa, hoidat sen meid\u00e4n avullamme!"},"content":{"rendered":"\n<figure class=\"wp-block-image alignfull size-full\"><img loading=\"lazy\" decoding=\"async\" width=\"640\" height=\"428\" src=\"https:\/\/mikalinkki.net\/wp-content\/uploads\/2025\/01\/letterbox-211428_640.jpg\" alt=\"\" class=\"wp-image-38\" srcset=\"https:\/\/mikalinkki.net\/wp-content\/uploads\/2025\/01\/letterbox-211428_640.jpg 640w, https:\/\/mikalinkki.net\/wp-content\/uploads\/2025\/01\/letterbox-211428_640-300x201.jpg 300w\" sizes=\"auto, (max-width: 640px) 100vw, 640px\" \/><\/figure>\n\n\n\n<h2 class=\"wp-block-heading has-vivid-red-color has-text-color has-link-color wp-elements-fabfbdf1b819a69d48a3536fba2f7fd6\">Suoramainonta<\/h2>\n\n\n\n<p>Tmi MikaLinkki hoitaa mainosten ja paikallislehtien jakelun Oulaisissa keskiviikkoisin joka viikko (pl. arkipyh\u00e4t) vuoden ymp\u00e4ri. Suoramainonta on edelleen todella tehokas tapa mainostaa, sill\u00e4 tutkimuksien mukaan postilaatikkoon kolahtavat mainokset ihan oikeasti luetaan! Voisi kuvitella, ett\u00e4 nykyp\u00e4iv\u00e4n digitaalisessa maailmassa asia olisi toisin, mutta ei ole. Tmi MikaLinkin kautta saat suoramainonnan perille Oulaisissa jollekin tietylle alueelle tai kaikkiin kotitalouksiin, jotka eiv\u00e4t ole mainontaa kielt\u00e4neet. Meid\u00e4n kautta saat jakelun my\u00f6s muualle l\u00e4hikuntiin ja periaattessa vaikka koko Suomeen! Toimimme Suomen Suoramainonnan jakeluverkostossa, joten l\u00e4hes jokainen Suomen kolkka on tavoitettavissa.<\/p>\n\n\n\n<p>Lis\u00e4ksi tarvittaessa suunnittelemme ja painatamme mainoksen, joten suoramainonta on todella helppoa, jos niin tahdot! Sinun ei tarvitse kuin keksi\u00e4 mainokseen tekstit ja l\u00e4hett\u00e4\u00e4 kuvat, mit\u00e4 mainokseen haluat, me hoidamme loput kustannustehokkaasti.<\/p>\n\n\n\n<p>Kysy siis tarjous, jos haluat suoramainontaa vaikka yhteen kaupunginosaan tai laajempaankin jakeluun!<\/p>\n\n\n\n<p><\/p>\n","protected":false},"excerpt":{"rendered":"<p>Suoramainonta Tmi MikaLinkki hoitaa mainosten ja paikallislehtien jakelun Oulaisissa keskiviikkoisin joka viikko (pl. arkipyh\u00e4t) vuoden ymp\u00e4ri. Suoramainonta on edelleen todella tehokas tapa mainostaa, sill\u00e4 tutkimuksien&hellip;<\/p>\n","protected":false},"author":1,"featured_media":0,"parent":0,"menu_order":0,"comment_status":"closed","ping_status":"closed","template":"","meta":{"footnotes":""},"class_list":["post-73","page","type-page","status-publish","hentry"],"aioseo_notices":[],"_links":{"self":[{"href":"https:\/\/mikalinkki.net\/index.php\/wp-json\/wp\/v2\/pages\/73","targetHints":{"allow":["GET"]}}],"collection":[{"href":"https:\/\/mikalinkki.net\/index.php\/wp-json\/wp\/v2\/pages"}],"about":[{"href":"https:\/\/mikalinkki.net\/index.php\/wp-json\/wp\/v2\/types\/page"}],"author":[{"embeddable":true,"href":"https:\/\/mikalinkki.net\/index.php\/wp-json\/wp\/v2\/users\/1"}],"replies":[{"embeddable":true,"href":"https:\/\/mikalinkki.net\/index.php\/wp-json\/wp\/v2\/comments?post=73"}],"version-history":[{"count":5,"href":"https:\/\/mikalinkki.net\/index.php\/wp-json\/wp\/v2\/pages\/73\/revisions"}],"predecessor-version":[{"id":130,"href":"https:\/\/mikalinkki.net\/index.php\/wp-json\/wp\/v2\/pages\/73\/revisions\/130"}],"wp:attachment":[{"href":"https:\/\/mikalinkki.net\/index.php\/wp-json\/wp\/v2\/media?parent=73"}],"curies":[{"name":"wp","href":"https:\/\/api.w.org\/{rel}","templated":true}]}}