{"id":77,"date":"2025-01-25T14:33:06","date_gmt":"2025-01-25T14:33:06","guid":{"rendered":"https:\/\/mikalinkki.net\/?page_id=77"},"modified":"2025-01-25T16:53:39","modified_gmt":"2025-01-25T16:53:39","slug":"yritysimago","status":"publish","type":"page","link":"https:\/\/mikalinkki.net\/index.php\/yritysimago\/","title":{"rendered":"Uutta potkua liiketoimintaan tuoreella yritysilmeell\u00e4!"},"content":{"rendered":"\n<figure class=\"wp-block-image alignfull size-full\"><img loading=\"lazy\" decoding=\"async\" width=\"640\" height=\"427\" src=\"https:\/\/mikalinkki.net\/wp-content\/uploads\/2025\/01\/printing-1850481_640.jpg\" alt=\"\" class=\"wp-image-41\" srcset=\"https:\/\/mikalinkki.net\/wp-content\/uploads\/2025\/01\/printing-1850481_640.jpg 640w, https:\/\/mikalinkki.net\/wp-content\/uploads\/2025\/01\/printing-1850481_640-300x200.jpg 300w\" sizes=\"auto, (max-width: 640px) 100vw, 640px\" \/><\/figure>\n\n\n\n<h2 class=\"wp-block-heading has-vivid-red-color has-text-color has-link-color wp-elements-97935b7a467fbf1a9f7bc191864ad6e3\">Yritysimago<\/h2>\n\n\n\n<p>Oletko perustanut yrityksen, tai kaipaat olemassa olevaan yritykseen ilmeen-\/imagonmuutosta? Tmi MikaLinkki hoitaa hommat kuntoon! Suunnittelemme kaiken, mit\u00e4 yrityksen ilmeen muutokseen tarvitaan. Jos vanha logo esimerkiksi alkaa kyll\u00e4stytt\u00e4\u00e4, niin teemme uuden logon, jonka voi painaa\/tulostaa kaikkiin yrityksen materiaaleihin. Suunnittelemme yritykselle uuden v\u00e4rimaailman yhdess\u00e4 yritt\u00e4j\u00e4n\/omistajan kanssa ja teemme yhteisty\u00f6kumppaneidemme avulla mainosteippaukset autoon ja toimitiloihin. My\u00f6s nettisivut uusitaan ilmeen mukaisiksi. <\/p>\n\n\n\n<p>Ja jotta koko yrityksen ilme\/imago olisi alusta loppuun yhtenev\u00e4inen, saat kauttamme tietysti my\u00f6s vaatetuksen, mainosmateriaalit ja liikelahjat (mukit, kyn\u00e4t yms.).<\/p>\n\n\n\n<p>Laitetaanpa yrityksen imago kuntoon, <a href=\"#yhteys\">ota yhteytt\u00e4<\/a>!<\/p>\n\n\n\n<p><\/p>\n","protected":false},"excerpt":{"rendered":"<p>Yritysimago Oletko perustanut yrityksen, tai kaipaat olemassa olevaan yritykseen ilmeen-\/imagonmuutosta? Tmi MikaLinkki hoitaa hommat kuntoon! Suunnittelemme kaiken, mit\u00e4 yrityksen ilmeen muutokseen tarvitaan. Jos vanha logo&hellip;<\/p>\n","protected":false},"author":1,"featured_media":0,"parent":0,"menu_order":0,"comment_status":"closed","ping_status":"closed","template":"","meta":{"footnotes":""},"class_list":["post-77","page","type-page","status-publish","hentry"],"aioseo_notices":[],"_links":{"self":[{"href":"https:\/\/mikalinkki.net\/index.php\/wp-json\/wp\/v2\/pages\/77","targetHints":{"allow":["GET"]}}],"collection":[{"href":"https:\/\/mikalinkki.net\/index.php\/wp-json\/wp\/v2\/pages"}],"about":[{"href":"https:\/\/mikalinkki.net\/index.php\/wp-json\/wp\/v2\/types\/page"}],"author":[{"embeddable":true,"href":"https:\/\/mikalinkki.net\/index.php\/wp-json\/wp\/v2\/users\/1"}],"replies":[{"embeddable":true,"href":"https:\/\/mikalinkki.net\/index.php\/wp-json\/wp\/v2\/comments?post=77"}],"version-history":[{"count":2,"href":"https:\/\/mikalinkki.net\/index.php\/wp-json\/wp\/v2\/pages\/77\/revisions"}],"predecessor-version":[{"id":125,"href":"https:\/\/mikalinkki.net\/index.php\/wp-json\/wp\/v2\/pages\/77\/revisions\/125"}],"wp:attachment":[{"href":"https:\/\/mikalinkki.net\/index.php\/wp-json\/wp\/v2\/media?parent=77"}],"curies":[{"name":"wp","href":"https:\/\/api.w.org\/{rel}","templated":true}]}}