{"id":80,"date":"2025-01-25T15:00:19","date_gmt":"2025-01-25T15:00:19","guid":{"rendered":"https:\/\/mikalinkki.net\/?page_id=80"},"modified":"2025-01-25T16:51:22","modified_gmt":"2025-01-25T16:51:22","slug":"tyovaatteet","status":"publish","type":"page","link":"https:\/\/mikalinkki.net\/index.php\/tyovaatteet\/","title":{"rendered":"Toimivat ty\u00f6vaatteet, joissa on mukava tehd\u00e4 hommia &#8211; Laadukkaat tuotemerkit"},"content":{"rendered":"\n<figure class=\"wp-block-image alignfull size-full\"><img loading=\"lazy\" decoding=\"async\" width=\"640\" height=\"427\" src=\"https:\/\/mikalinkki.net\/wp-content\/uploads\/2025\/01\/road-construction-192894_640.jpg\" alt=\"\" class=\"wp-image-44\" srcset=\"https:\/\/mikalinkki.net\/wp-content\/uploads\/2025\/01\/road-construction-192894_640.jpg 640w, https:\/\/mikalinkki.net\/wp-content\/uploads\/2025\/01\/road-construction-192894_640-300x200.jpg 300w\" sizes=\"auto, (max-width: 640px) 100vw, 640px\" \/><\/figure>\n\n\n\n<h2 class=\"wp-block-heading has-vivid-red-color has-text-color has-link-color wp-elements-54c52055be2d71f1e2835ba6d716d183\">Ty\u00f6vaatteet<\/h2>\n\n\n\n<h3 class=\"wp-block-heading\"><em>Laadukkaat, toimivat ja n\u00e4ytt\u00e4v\u00e4t ty\u00f6vaatteet <\/em><\/h3>\n\n\n\n<p>Olipa tarpeesi sitten pieni tai suuri, tai tarvitset huomiovaatteita, turvavaatteita tai ihan vain mukavia ty\u00f6vaatteita t\u00f6ihin tai arkeen, niin Tmi MikaLinkki auttaa!\u00a0<\/p>\n\n\n\n<p>Kauttamme saatavana ty\u00f6vaatteet t-paidoista talvitakkeihin laatumerkeilt\u00e4 painatuksineen niin johtoportaalle kuin &#8221;likaisen ty\u00f6n tekij\u00f6illekin&#8221;. Kerro tarpeesi ja <a href=\"#yhteys\">pyyd\u00e4 tarjous<\/a>, niin me etsimme muutaman vaihtoehdon, joista sin\u00e4 valitset juuri omaan tai yrityksesi tarpeisiin sopivimmat vaatteet ja ty\u00f6nteko on huomattavasti mukavampaa ja n\u00e4ytt\u00e4v\u00e4mp\u00e4\u00e4.<\/p>\n\n\n\n<p>Alla muutamia kauttamme saatavia tuotemerkkej\u00e4:<\/p>\n\n\n\n<figure class=\"wp-block-table aligncenter\"><table class=\"has-fixed-layout\"><tbody><tr><td class=\"has-text-align-center\" data-align=\"center\">\u00a0<br><br><img loading=\"lazy\" decoding=\"async\" height=\"63\" width=\"202\" src=\"https:\/\/cdn.shopify.com\/s\/files\/1\/2241\/0805\/files\/Fristads_logo_480x480.jpg?v=1734177729\" alt=\"\"><\/td><td class=\"has-text-align-center\" data-align=\"center\"><img loading=\"lazy\" decoding=\"async\" height=\"160\" width=\"202\" src=\"https:\/\/cdn.shopify.com\/s\/files\/1\/2241\/0805\/files\/LOGO-HH_480x480.jpg?v=1734177729\" alt=\"\"><\/td><td class=\"has-text-align-center\" data-align=\"center\"><br><img loading=\"lazy\" decoding=\"async\" height=\"134\" width=\"202\" src=\"https:\/\/cdn.shopify.com\/s\/files\/1\/2241\/0805\/files\/cb_logo_iconic_navyblue_480x480.png?v=1734177729\" alt=\"\"><\/td><\/tr><tr><td class=\"has-text-align-center\" data-align=\"center\"><br><img loading=\"lazy\" decoding=\"async\" height=\"61\" width=\"203\" src=\"https:\/\/cdn.shopify.com\/s\/files\/1\/2241\/0805\/files\/blaklader_480x480.png?v=1734177729\" alt=\"\"><\/td><td class=\"has-text-align-center\" data-align=\"center\"><br><img loading=\"lazy\" decoding=\"async\" height=\"70\" width=\"203\" src=\"https:\/\/cdn.shopify.com\/s\/files\/1\/2241\/0805\/files\/clique_2000x_9e4e10fa-2b89-411c-b938-c643175b4011_480x480.webp?v=1734177729\" alt=\"\"><\/td><td class=\"has-text-align-center\" data-align=\"center\"><img loading=\"lazy\" decoding=\"async\" height=\"107\" width=\"201\" src=\"https:\/\/cdn.shopify.com\/s\/files\/1\/2241\/0805\/files\/logo_480x480.webp?v=1734177729\" alt=\"\"><\/td><\/tr><\/tbody><\/table><\/figure>\n\n\n\n<p><\/p>\n","protected":false},"excerpt":{"rendered":"<p>Ty\u00f6vaatteet Laadukkaat, toimivat ja n\u00e4ytt\u00e4v\u00e4t ty\u00f6vaatteet Olipa tarpeesi sitten pieni tai suuri, tai tarvitset huomiovaatteita, turvavaatteita tai ihan vain mukavia ty\u00f6vaatteita t\u00f6ihin tai arkeen, niin&hellip;<\/p>\n","protected":false},"author":1,"featured_media":0,"parent":0,"menu_order":0,"comment_status":"closed","ping_status":"closed","template":"","meta":{"footnotes":""},"class_list":["post-80","page","type-page","status-publish","hentry"],"aioseo_notices":[],"_links":{"self":[{"href":"https:\/\/mikalinkki.net\/index.php\/wp-json\/wp\/v2\/pages\/80","targetHints":{"allow":["GET"]}}],"collection":[{"href":"https:\/\/mikalinkki.net\/index.php\/wp-json\/wp\/v2\/pages"}],"about":[{"href":"https:\/\/mikalinkki.net\/index.php\/wp-json\/wp\/v2\/types\/page"}],"author":[{"embeddable":true,"href":"https:\/\/mikalinkki.net\/index.php\/wp-json\/wp\/v2\/users\/1"}],"replies":[{"embeddable":true,"href":"https:\/\/mikalinkki.net\/index.php\/wp-json\/wp\/v2\/comments?post=80"}],"version-history":[{"count":4,"href":"https:\/\/mikalinkki.net\/index.php\/wp-json\/wp\/v2\/pages\/80\/revisions"}],"predecessor-version":[{"id":123,"href":"https:\/\/mikalinkki.net\/index.php\/wp-json\/wp\/v2\/pages\/80\/revisions\/123"}],"wp:attachment":[{"href":"https:\/\/mikalinkki.net\/index.php\/wp-json\/wp\/v2\/media?parent=80"}],"curies":[{"name":"wp","href":"https:\/\/api.w.org\/{rel}","templated":true}]}}