{"id":87,"date":"2025-01-25T15:25:32","date_gmt":"2025-01-25T15:25:32","guid":{"rendered":"https:\/\/mikalinkki.net\/?page_id=87"},"modified":"2025-01-25T16:45:24","modified_gmt":"2025-01-25T16:45:24","slug":"seuravaatteet","status":"publish","type":"page","link":"https:\/\/mikalinkki.net\/index.php\/seuravaatteet\/","title":{"rendered":"N\u00e4ytt\u00e4v\u00e4t vaatteet painatuksella urheiluseuroille &#8211; laadukkaat tuotemerkit"},"content":{"rendered":"\n<figure class=\"wp-block-image alignfull size-large\"><img loading=\"lazy\" decoding=\"async\" width=\"1024\" height=\"630\" src=\"https:\/\/mikalinkki.net\/wp-content\/uploads\/2025\/01\/Screenshot_20250121_212835_Instagram-1-1024x630.jpg\" alt=\"\" class=\"wp-image-46\" srcset=\"https:\/\/mikalinkki.net\/wp-content\/uploads\/2025\/01\/Screenshot_20250121_212835_Instagram-1-1024x630.jpg 1024w, https:\/\/mikalinkki.net\/wp-content\/uploads\/2025\/01\/Screenshot_20250121_212835_Instagram-1-300x185.jpg 300w, https:\/\/mikalinkki.net\/wp-content\/uploads\/2025\/01\/Screenshot_20250121_212835_Instagram-1-768x473.jpg 768w, https:\/\/mikalinkki.net\/wp-content\/uploads\/2025\/01\/Screenshot_20250121_212835_Instagram-1.jpg 1077w\" sizes=\"auto, (max-width: 1024px) 100vw, 1024px\" \/><\/figure>\n\n\n\n<h2 class=\"wp-block-heading has-vivid-red-color has-text-color has-link-color wp-elements-fded911cd39d86bd0928b06804db5dcb\">Seuravaatteet<\/h2>\n\n\n\n<h3 class=\"wp-block-heading\"><em>Tiimivaatteet urheiluseuroille ja yhdistyksille<\/em><\/h3>\n\n\n\n<p>Urheiluseuroille, yhdistyksille, h\u00f6nts\u00e4joukkueille, kaveriporukoille&#8230; Ihan kelle vain! Tmi MikaLinkki toteuttaa yhteisty\u00f6kumppaniensa avulla laadukkaat ja kest\u00e4v\u00e4t vaatteet painatuksilla, jotta n\u00e4yt\u00e4tte yhdess\u00e4 paremmilta!<\/p>\n\n\n\n<p><a href=\"#yhteys\">Pyyd\u00e4 tarjous!<\/a><\/p>\n\n\n\n<p>Alla muutamia kauttamme saatavia tuotemerkkej\u00e4:<\/p>\n\n\n\n<figure class=\"wp-block-table aligncenter\"><table class=\"has-fixed-layout\"><tbody><tr><td class=\"has-text-align-center\" data-align=\"center\">&nbsp;<img decoding=\"async\" alt=\"\" src=\"https:\/\/cdn.shopify.com\/s\/files\/1\/2241\/0805\/files\/craft-logo_480x480.gif?v=1734190945\"><\/td><td class=\"has-text-align-center\" data-align=\"center\"><br><img loading=\"lazy\" decoding=\"async\" height=\"157\" width=\"200\" src=\"https:\/\/cdn.shopify.com\/s\/files\/1\/2241\/0805\/files\/Hellyhansen_logo_480x480.png?v=1734190945\" alt=\"\"><\/td><td class=\"has-text-align-center\" data-align=\"center\"><br><img loading=\"lazy\" decoding=\"async\" height=\"137\" width=\"201\" src=\"https:\/\/cdn.shopify.com\/s\/files\/1\/2241\/0805\/files\/Fruit_logo_svg_480x480.png?v=1734190946\" alt=\"\"><\/td><\/tr><tr><td class=\"has-text-align-center\" data-align=\"center\"><img loading=\"lazy\" decoding=\"async\" height=\"200\" width=\"200\" src=\"https:\/\/cdn.shopify.com\/s\/files\/1\/2241\/0805\/files\/8848-logo_480x480.jpg?v=1734190945\" alt=\"\"><\/td><td class=\"has-text-align-center\" data-align=\"center\"><br><br><img loading=\"lazy\" decoding=\"async\" height=\"70\" width=\"203\" src=\"https:\/\/cdn.shopify.com\/s\/files\/1\/2241\/0805\/files\/clique_2000x_9e4e10fa-2b89-411c-b938-c643175b4011_480x480.webp?v=1734177729\" alt=\"\"><\/td><\/tr><\/tbody><\/table><\/figure>\n","protected":false},"excerpt":{"rendered":"<p>Seuravaatteet Tiimivaatteet urheiluseuroille ja yhdistyksille Urheiluseuroille, yhdistyksille, h\u00f6nts\u00e4joukkueille, kaveriporukoille&#8230; Ihan kelle vain! Tmi MikaLinkki toteuttaa yhteisty\u00f6kumppaniensa avulla laadukkaat ja kest\u00e4v\u00e4t vaatteet painatuksilla, jotta n\u00e4yt\u00e4tte yhdess\u00e4&hellip;<\/p>\n","protected":false},"author":1,"featured_media":0,"parent":0,"menu_order":0,"comment_status":"closed","ping_status":"closed","template":"","meta":{"footnotes":""},"class_list":["post-87","page","type-page","status-publish","hentry"],"aioseo_notices":[],"_links":{"self":[{"href":"https:\/\/mikalinkki.net\/index.php\/wp-json\/wp\/v2\/pages\/87","targetHints":{"allow":["GET"]}}],"collection":[{"href":"https:\/\/mikalinkki.net\/index.php\/wp-json\/wp\/v2\/pages"}],"about":[{"href":"https:\/\/mikalinkki.net\/index.php\/wp-json\/wp\/v2\/types\/page"}],"author":[{"embeddable":true,"href":"https:\/\/mikalinkki.net\/index.php\/wp-json\/wp\/v2\/users\/1"}],"replies":[{"embeddable":true,"href":"https:\/\/mikalinkki.net\/index.php\/wp-json\/wp\/v2\/comments?post=87"}],"version-history":[{"count":3,"href":"https:\/\/mikalinkki.net\/index.php\/wp-json\/wp\/v2\/pages\/87\/revisions"}],"predecessor-version":[{"id":119,"href":"https:\/\/mikalinkki.net\/index.php\/wp-json\/wp\/v2\/pages\/87\/revisions\/119"}],"wp:attachment":[{"href":"https:\/\/mikalinkki.net\/index.php\/wp-json\/wp\/v2\/media?parent=87"}],"curies":[{"name":"wp","href":"https:\/\/api.w.org\/{rel}","templated":true}]}}